{"id":13,"date":"2014-07-06T11:54:48","date_gmt":"2014-07-06T09:54:48","guid":{"rendered":"http:\/\/xn--fewo-waldhhe-bad-harzburg-7rc.de\/?page_id=13"},"modified":"2022-11-14T14:59:38","modified_gmt":"2022-11-14T12:59:38","slug":"anfahrt","status":"publish","type":"page","link":"https:\/\/xn--fewo-waldhhe-bad-harzburg-7rc.de\/?page_id=13","title":{"rendered":"Anfahrt\/ Lage"},"content":{"rendered":"<p>Unsere frisch renovierte Ferienwohnung in Bad Harzburg befindet sich direkt am Tor zum Nationalpark Harz, in einer sehr ruhigen Stra\u00dfe.<\/p>\n<p>Die gem\u00fctlich eingerichtete Nichtraucher-Wohnung ist ca. 55 qm gro\u00df und bietet ausreichend Platz f\u00fcr 2\u20143 Personen. Sie besteht aus Wohnzimmer (mit Schlafsofa f\u00fcr eine 3. Person), Schlafzimmer , K\u00fcche mit Essbereich, Bad\/Dusche\/WC, Flur.<\/p>\n<p>Die Waldrandlage bietet ab dem ersten Augenblick Urlaub pur. Viele Wanderziele k\u00f6nnen direkt von der Haust\u00fcr aus erreicht werden, wie Rabenklippen, Ilsenburg, Burgberg, Molkenhaus und vieles mehr.<\/p>\n\n<p><em>Bushaltestelle:<\/em><\/p>\n<p>Linie 73 Stadt-Ringbus (kostenlos mit Kurkarte)<\/p>\n<p>Haltestelle Jahnring \u2013 ca. 100 m entfernt.<\/p>\n<p><em>Einkaufen:<\/em><\/p>\n<p>Netto Markt, Bodestra\u00dfe \u2013 ca. 300 m entfernt.<\/p>\n<p>Im Markt befindet sich auch ein B\u00e4cker. Frische Br\u00f6tchen bekommt man morgens<\/p>\n<p>Mo \u2013 Sa ab 07.00 Uhr.<\/p>\n<p>Das Stadtzentrum von Bad Harzburg \u2013 Bummelallee \u2013 ist fu\u00dfl\u00e4ufig in ca. 20 Minuten zu erreichen.<\/p>\n<p>Zum Bahnhof, Knotenpunkt f\u00fcr viele Buslinien, kommt man ebenfalls mit der Linie 73 ab Haltestelle Jahnring. Der Bus f\u00e4hrt tags\u00fcber st\u00fcndlich.<\/p>\n","protected":false},"excerpt":{"rendered":"<p>Unsere frisch renovierte Ferienwohnung in Bad Harzburg befindet sich direkt am Tor zum Nationalpark Harz, in einer sehr ruhigen Stra\u00dfe. Die gem\u00fctlich eingerichtete Nichtraucher-Wohnung ist ca. 55 qm gro\u00df und bietet ausreichend Platz f\u00fcr 2\u20143 Personen. Sie besteht aus Wohnzimmer (mit Schlafsofa f\u00fcr eine 3. Person), Schlafzimmer , K\u00fcche mit Essbereich, Bad\/Dusche\/WC, Flur. Die Waldrandlage [&hellip;]<\/p>\n","protected":false},"author":1,"featured_media":0,"parent":2,"menu_order":30,"comment_status":"closed","ping_status":"closed","template":"","meta":{"ngg_post_thumbnail":0,"footnotes":""},"_links":{"self":[{"href":"https:\/\/xn--fewo-waldhhe-bad-harzburg-7rc.de\/index.php?rest_route=\/wp\/v2\/pages\/13"}],"collection":[{"href":"https:\/\/xn--fewo-waldhhe-bad-harzburg-7rc.de\/index.php?rest_route=\/wp\/v2\/pages"}],"about":[{"href":"https:\/\/xn--fewo-waldhhe-bad-harzburg-7rc.de\/index.php?rest_route=\/wp\/v2\/types\/page"}],"author":[{"embeddable":true,"href":"https:\/\/xn--fewo-waldhhe-bad-harzburg-7rc.de\/index.php?rest_route=\/wp\/v2\/users\/1"}],"replies":[{"embeddable":true,"href":"https:\/\/xn--fewo-waldhhe-bad-harzburg-7rc.de\/index.php?rest_route=%2Fwp%2Fv2%2Fcomments&post=13"}],"version-history":[{"count":8,"href":"https:\/\/xn--fewo-waldhhe-bad-harzburg-7rc.de\/index.php?rest_route=\/wp\/v2\/pages\/13\/revisions"}],"predecessor-version":[{"id":360,"href":"https:\/\/xn--fewo-waldhhe-bad-harzburg-7rc.de\/index.php?rest_route=\/wp\/v2\/pages\/13\/revisions\/360"}],"up":[{"embeddable":true,"href":"https:\/\/xn--fewo-waldhhe-bad-harzburg-7rc.de\/index.php?rest_route=\/wp\/v2\/pages\/2"}],"wp:attachment":[{"href":"https:\/\/xn--fewo-waldhhe-bad-harzburg-7rc.de\/index.php?rest_route=%2Fwp%2Fv2%2Fmedia&parent=13"}],"curies":[{"name":"wp","href":"https:\/\/api.w.org\/{rel}","templated":true}]}}