{"id":15,"date":"2014-07-06T11:55:11","date_gmt":"2014-07-06T09:55:11","guid":{"rendered":"http:\/\/xn--fewo-waldhhe-bad-harzburg-7rc.de\/?page_id=15"},"modified":"2022-11-30T13:04:36","modified_gmt":"2022-11-30T11:04:36","slug":"ferienwohnung","status":"publish","type":"page","link":"https:\/\/xn--fewo-waldhhe-bad-harzburg-7rc.de\/?page_id=15","title":{"rendered":"Ferienwohnung"},"content":{"rendered":"<p>\u00a0<\/p>\r\n<p><strong>Wohnzimmer<img loading=\"lazy\" decoding=\"async\" class=\"size-medium wp-image-31 alignright\" src=\"http:\/\/xn--fewo-waldhhe-bad-harzburg-7rc.de\/wp-content\/uploads\/2014\/07\/2014-07-05-16.27.47-300x199.jpg\" alt=\"2014-07-05 16.27.47\" width=\"300\" height=\"199\" srcset=\"https:\/\/xn--fewo-waldhhe-bad-harzburg-7rc.de\/wp-content\/uploads\/2014\/07\/2014-07-05-16.27.47-300x199.jpg 300w, https:\/\/xn--fewo-waldhhe-bad-harzburg-7rc.de\/wp-content\/uploads\/2014\/07\/2014-07-05-16.27.47.jpg 800w\" sizes=\"(max-width: 300px) 100vw, 300px\" \/><\/strong><br \/>Das Wohnzimmer der Ferienwohnung ist ausgestattet mit Sofa, 2 Sesseln, Flatscreen Farbfernseher,\u00a0 Stereoanlage, B\u00fccherregal gef\u00fcllt mit div. Lesematerial, Gesellschaftsspielen und reichlich Infomaterial \u00fcber den Harz.<\/p>\r\n<p>\u00a0<\/p>\r\n<p><a href=\"http:\/\/xn--fewo-waldhhe-bad-harzburg-7rc.de\/wp-content\/uploads\/2014\/07\/2014-07-05-16.27.23.jpg\"><img loading=\"lazy\" decoding=\"async\" class=\"size-medium wp-image-30 alignright\" src=\"http:\/\/xn--fewo-waldhhe-bad-harzburg-7rc.de\/wp-content\/uploads\/2014\/07\/2014-07-05-16.27.23-300x199.jpg\" alt=\"2014-07-05 16.27.23\" width=\"300\" height=\"199\" srcset=\"https:\/\/xn--fewo-waldhhe-bad-harzburg-7rc.de\/wp-content\/uploads\/2014\/07\/2014-07-05-16.27.23-300x199.jpg 300w, https:\/\/xn--fewo-waldhhe-bad-harzburg-7rc.de\/wp-content\/uploads\/2014\/07\/2014-07-05-16.27.23.jpg 800w\" sizes=\"(max-width: 300px) 100vw, 300px\" \/><\/a><\/p>\r\n<p><strong>Schlafzimmer<\/strong><br \/>Doppelbett, Matratzengr\u00f6\u00dfe je 90 x 200 cm mit verstellbaren Lattenrosten. Kleiderschrank, 2 kleine Regale. (Gitterbett 70 x 140 cm und Wickelplatz oder Zustellbett auf Anfrage.) Bettw\u00e4sche ist vorhanden.<\/p>\r\n<p>\u00a0<\/p>\r\n<p><a href=\"http:\/\/xn--fewo-waldhhe-bad-harzburg-7rc.de\/wp-content\/uploads\/2014\/07\/2014-07-05-16.25.41.jpg\"><img loading=\"lazy\" decoding=\"async\" class=\"size-medium wp-image-27 alignright\" src=\"http:\/\/xn--fewo-waldhhe-bad-harzburg-7rc.de\/wp-content\/uploads\/2014\/07\/2014-07-05-16.25.41-199x300.jpg\" alt=\"2014-07-05 16.25.41\" width=\"199\" height=\"300\" srcset=\"https:\/\/xn--fewo-waldhhe-bad-harzburg-7rc.de\/wp-content\/uploads\/2014\/07\/2014-07-05-16.25.41-199x300.jpg 199w, https:\/\/xn--fewo-waldhhe-bad-harzburg-7rc.de\/wp-content\/uploads\/2014\/07\/2014-07-05-16.25.41.jpg 533w\" sizes=\"(max-width: 199px) 100vw, 199px\" \/><\/a><\/p>\r\n<p><strong>K\u00fcche<\/strong><br \/>Die K\u00fcche ist komplett ausgestattet mit Ceranfeld, Dunstabzug, Backofen, Geschirrsp\u00fcler, K\u00fchlschrank mit Gefrierfach, Mikrowelle, Kaffeemaschine und Tassimo-Maschine, Wasserkocher, Toaster. Komplettes Geschirr f\u00fcr 10 Personen. Geschirr- und K\u00fcchent\u00fccher.<\/p>\r\n<p>Waschmaschine vorhanden.<\/p>\r\n<p>\u00a0<\/p>\r\n<p><a href=\"http:\/\/xn--fewo-waldhhe-bad-harzburg-7rc.de\/wp-content\/uploads\/2014\/07\/2014-07-05-16.25.09.jpg\"><img loading=\"lazy\" decoding=\"async\" class=\"size-medium wp-image-26 alignright\" src=\"http:\/\/xn--fewo-waldhhe-bad-harzburg-7rc.de\/wp-content\/uploads\/2014\/07\/2014-07-05-16.25.09-300x199.jpg\" alt=\"2014-07-05 16.25.09\" width=\"300\" height=\"199\" srcset=\"https:\/\/xn--fewo-waldhhe-bad-harzburg-7rc.de\/wp-content\/uploads\/2014\/07\/2014-07-05-16.25.09-300x199.jpg 300w, https:\/\/xn--fewo-waldhhe-bad-harzburg-7rc.de\/wp-content\/uploads\/2014\/07\/2014-07-05-16.25.09.jpg 800w\" sizes=\"(max-width: 300px) 100vw, 300px\" \/><\/a><\/p>\r\n<p><strong>Essplatz<\/strong><\/p>\r\n<p>An die offene K\u00fcche schlie\u00dft sich ein separater Essplatz f\u00fcr 4 Personen an.<\/p>\r\n<p>Hochst\u00fchlchen auf Anfrage<\/p>\r\n<p>\u00a0<\/p>\r\n<p><a href=\"http:\/\/xn--fewo-waldhhe-bad-harzburg-7rc.de\/wp-content\/uploads\/2014\/07\/2014-07-05-16.24.29.jpg\"><img loading=\"lazy\" decoding=\"async\" class=\"size-medium wp-image-25 alignright\" src=\"http:\/\/xn--fewo-waldhhe-bad-harzburg-7rc.de\/wp-content\/uploads\/2014\/07\/2014-07-05-16.24.29-300x199.jpg\" alt=\"2014-07-05 16.24.29\" width=\"300\" height=\"199\" srcset=\"https:\/\/xn--fewo-waldhhe-bad-harzburg-7rc.de\/wp-content\/uploads\/2014\/07\/2014-07-05-16.24.29-300x199.jpg 300w, https:\/\/xn--fewo-waldhhe-bad-harzburg-7rc.de\/wp-content\/uploads\/2014\/07\/2014-07-05-16.24.29.jpg 800w\" sizes=\"(max-width: 300px) 100vw, 300px\" \/><\/a><\/p>\r\n<p><strong>Bad<\/strong><br \/>Das Badezimmer ist ausgestattet mit Dusche, Badewanne, WC, F\u00f6n und gro\u00dfem Spiegel.<\/p>\r\n<p>\u00a0<\/p>\r\n<p><a href=\"http:\/\/xn--fewo-waldhhe-bad-harzburg-7rc.de\/wp-content\/uploads\/2014\/07\/2014-07-05-16.23.42.jpg\"><img loading=\"lazy\" decoding=\"async\" class=\"size-medium wp-image-24 alignright\" src=\"http:\/\/xn--fewo-waldhhe-bad-harzburg-7rc.de\/wp-content\/uploads\/2014\/07\/2014-07-05-16.23.42-199x300.jpg\" alt=\"2014-07-05 16.23.42\" width=\"199\" height=\"300\" srcset=\"https:\/\/xn--fewo-waldhhe-bad-harzburg-7rc.de\/wp-content\/uploads\/2014\/07\/2014-07-05-16.23.42-199x300.jpg 199w, https:\/\/xn--fewo-waldhhe-bad-harzburg-7rc.de\/wp-content\/uploads\/2014\/07\/2014-07-05-16.23.42.jpg 533w\" sizes=\"(max-width: 199px) 100vw, 199px\" \/><\/a><\/p>\r\n<p><strong>Flur<\/strong><br \/>Im Flur des Eingangsbereichs stehen den G\u00e4sten 2 Regenschirme und 2 Nordic Walking St\u00f6cke zur Verf\u00fcgung.<\/p>\r\n<p>\u00a0<\/p>\r\n<p>\u00a0<\/p>\r\n<p>\u00a0<\/p>\r\n<p>Nichtraucherwohnung.<\/p>\r\n<p>Haustiere sind nicht erlaubt.<\/p>\r\n<p>\u00a0<\/p>\r\n<p><strong>Weitere<\/strong> <strong>Ausstattung:<\/strong><br \/>B\u00fcgeleisen\/kl. B\u00fcgelbrett<br \/>W\u00e4schest\u00e4nder<br \/>Pkw- Parkplatz auf dem Grundst\u00fcck mit Ladestation f\u00fcr E-Auto (Strom wird daf\u00fcr nach Verbrauch separat abgerechnet zum Preis des \u00f6rtlichen Stromanbieters.) Benutzung auf Anfrage.<br \/>Bikerfreundlich &#8211; abschlie\u00dfbares Fahrradh\u00e4uschen mit Ladem\u00f6glichkeit f\u00fcr e-Bikes.<\/p>\r\n\r\n\r\n<p>Die Ferienwohnung wird f\u00fcr\r\njeden neuen Gast \u00e4u\u00dferst sorgf\u00e4ltig und den geltenden Hygieneanforderungen\r\nentsprechend gereinigt.<\/p>\r\n\r\n\r\n\r\n<p>Die Ihnen zur Verf\u00fcgung gestellte Bettw\u00e4sche und Handt\u00fccher werden grunds\u00e4tzlich bei 95 bzw. 60 Grad mit einem Vollwaschmittel gewaschen.<\/p>\r\n\r\n\r\n\r\n<p>F\u00fcr Ihre Hygiene w\u00e4hrend des\r\nAufenthaltes stehen in der Wohnung alle \u00fcblichen Reinigungsmittel, Fl\u00fcssigseife\r\nin K\u00fcche und Bad, Papiert\u00fccher\/K\u00fcchent\u00fccher, Toilettenpapier und Waschpulver\r\nf\u00fcr die Waschmaschine sowie Putzt\u00fccher zur Verf\u00fcgung.<\/p>\r\n\r\n\r\n\r\n<p>Au\u00dfer den Ferieng\u00e4sten leben lediglich 2 weitere Personen im Haus. Es besteht \u00fcberall die M\u00f6glichkeit, den erforderlichen Mindestabstand von 1,5 m einzuhalten. <\/p>\r\n\r\n\r\n\r\n<p>Au\u00dferhalb des Hauses gelten\r\ndie vom Land Niedersachsen festgelegten Richtlinien.<\/p>\r\n","protected":false},"excerpt":{"rendered":"<p>\u00a0 WohnzimmerDas Wohnzimmer der Ferienwohnung ist ausgestattet mit Sofa, 2 Sesseln, Flatscreen Farbfernseher,\u00a0 Stereoanlage, B\u00fccherregal gef\u00fcllt mit div. Lesematerial, Gesellschaftsspielen und reichlich Infomaterial \u00fcber den Harz. \u00a0 SchlafzimmerDoppelbett, Matratzengr\u00f6\u00dfe je 90 x 200 cm mit verstellbaren Lattenrosten. Kleiderschrank, 2 kleine Regale. (Gitterbett 70 x 140 cm und Wickelplatz oder Zustellbett auf Anfrage.) Bettw\u00e4sche ist vorhanden. [&hellip;]<\/p>\n","protected":false},"author":1,"featured_media":0,"parent":2,"menu_order":1,"comment_status":"closed","ping_status":"closed","template":"","meta":{"ngg_post_thumbnail":0,"footnotes":""},"_links":{"self":[{"href":"https:\/\/xn--fewo-waldhhe-bad-harzburg-7rc.de\/index.php?rest_route=\/wp\/v2\/pages\/15"}],"collection":[{"href":"https:\/\/xn--fewo-waldhhe-bad-harzburg-7rc.de\/index.php?rest_route=\/wp\/v2\/pages"}],"about":[{"href":"https:\/\/xn--fewo-waldhhe-bad-harzburg-7rc.de\/index.php?rest_route=\/wp\/v2\/types\/page"}],"author":[{"embeddable":true,"href":"https:\/\/xn--fewo-waldhhe-bad-harzburg-7rc.de\/index.php?rest_route=\/wp\/v2\/users\/1"}],"replies":[{"embeddable":true,"href":"https:\/\/xn--fewo-waldhhe-bad-harzburg-7rc.de\/index.php?rest_route=%2Fwp%2Fv2%2Fcomments&post=15"}],"version-history":[{"count":35,"href":"https:\/\/xn--fewo-waldhhe-bad-harzburg-7rc.de\/index.php?rest_route=\/wp\/v2\/pages\/15\/revisions"}],"predecessor-version":[{"id":340,"href":"https:\/\/xn--fewo-waldhhe-bad-harzburg-7rc.de\/index.php?rest_route=\/wp\/v2\/pages\/15\/revisions\/340"}],"up":[{"embeddable":true,"href":"https:\/\/xn--fewo-waldhhe-bad-harzburg-7rc.de\/index.php?rest_route=\/wp\/v2\/pages\/2"}],"wp:attachment":[{"href":"https:\/\/xn--fewo-waldhhe-bad-harzburg-7rc.de\/index.php?rest_route=%2Fwp%2Fv2%2Fmedia&parent=15"}],"curies":[{"name":"wp","href":"https:\/\/api.w.org\/{rel}","templated":true}]}}