{"id":2,"date":"2014-05-09T11:57:41","date_gmt":"2014-05-09T09:57:41","guid":{"rendered":"http:\/\/xn--fewo-waldhhe-bad-harzburg-7rc.de\/\/?page_id=2"},"modified":"2022-11-14T16:06:56","modified_gmt":"2022-11-14T14:06:56","slug":"beispiel-seite","status":"publish","type":"page","link":"https:\/\/xn--fewo-waldhhe-bad-harzburg-7rc.de\/","title":{"rendered":"Urlaub in Bad Harzburg"},"content":{"rendered":"\r\n<p>Ladestation f\u00fcr E-Auto<\/p>\r\n\r\n\n\n<div class=\"ngg-galleryoverview ngg-slideshow\"\n\t id=\"ngg-slideshow-008538b7fe902cedd8bc6393bf2220d7-18373712320\"\n     data-gallery-id=\"008538b7fe902cedd8bc6393bf2220d7\"\n     style=\"max-width: 500px; max-height: 350px;\">\n\n \t<div id=\"ngg-image-0\" class=\"ngg-gallery-slideshow-image\" style=\"height:350px\">\n\n        <a href=\"https:\/\/xn--fewo-waldhhe-bad-harzburg-7rc.de\/wp-content\/gallery\/startseite\/2014-07-05-16.27.47.jpg\"\n           title=\"????????????????????????????????????\"\n           data-src=\"https:\/\/xn--fewo-waldhhe-bad-harzburg-7rc.de\/wp-content\/gallery\/startseite\/2014-07-05-16.27.47.jpg\"\n           data-thumbnail=\"https:\/\/xn--fewo-waldhhe-bad-harzburg-7rc.de\/wp-content\/gallery\/startseite\/thumbs\/thumbs_2014-07-05-16.27.47.jpg\"\n           data-image-id=\"1\"\n           data-title=\"2014-07-05-16.27.47\"\n           data-description=\"????????????????????????????????????\"\n           class=\"ngg-simplelightbox\" rel=\"008538b7fe902cedd8bc6393bf2220d7\">\n\n            <img data-image-id='1'\n                 title=\"????????????????????????????????????\"\n                 alt=\"2014-07-05-16.27.47\"\n                 src=\"https:\/\/xn--fewo-waldhhe-bad-harzburg-7rc.de\/wp-content\/gallery\/startseite\/2014-07-05-16.27.47.jpg\"\n                 style=\"max-height: 330px;\"\/>\n        <\/a>\n\n        <\/div> \n<div id=\"ngg-image-1\" class=\"ngg-gallery-slideshow-image\" style=\"height:350px\">\n\n        <a href=\"https:\/\/xn--fewo-waldhhe-bad-harzburg-7rc.de\/wp-content\/gallery\/startseite\/2014-07-05-16.27.23.jpg\"\n           title=\"????????????????????????????????????\"\n           data-src=\"https:\/\/xn--fewo-waldhhe-bad-harzburg-7rc.de\/wp-content\/gallery\/startseite\/2014-07-05-16.27.23.jpg\"\n           data-thumbnail=\"https:\/\/xn--fewo-waldhhe-bad-harzburg-7rc.de\/wp-content\/gallery\/startseite\/thumbs\/thumbs_2014-07-05-16.27.23.jpg\"\n           data-image-id=\"2\"\n           data-title=\"2014-07-05-16.27.23\"\n           data-description=\"????????????????????????????????????\"\n           class=\"ngg-simplelightbox\" rel=\"008538b7fe902cedd8bc6393bf2220d7\">\n\n            <img data-image-id='2'\n                 title=\"????????????????????????????????????\"\n                 alt=\"2014-07-05-16.27.23\"\n                 src=\"https:\/\/xn--fewo-waldhhe-bad-harzburg-7rc.de\/wp-content\/gallery\/startseite\/2014-07-05-16.27.23.jpg\"\n                 style=\"max-height: 330px;\"\/>\n        <\/a>\n\n        <\/div> \n<div id=\"ngg-image-2\" class=\"ngg-gallery-slideshow-image\" style=\"height:350px\">\n\n        <a href=\"https:\/\/xn--fewo-waldhhe-bad-harzburg-7rc.de\/wp-content\/gallery\/startseite\/2014-07-05-16.26.19.jpg\"\n           title=\"????????????????????????????????????\"\n           data-src=\"https:\/\/xn--fewo-waldhhe-bad-harzburg-7rc.de\/wp-content\/gallery\/startseite\/2014-07-05-16.26.19.jpg\"\n           data-thumbnail=\"https:\/\/xn--fewo-waldhhe-bad-harzburg-7rc.de\/wp-content\/gallery\/startseite\/thumbs\/thumbs_2014-07-05-16.26.19.jpg\"\n           data-image-id=\"3\"\n           data-title=\"2014-07-05-16.26.19\"\n           data-description=\"????????????????????????????????????\"\n           class=\"ngg-simplelightbox\" rel=\"008538b7fe902cedd8bc6393bf2220d7\">\n\n            <img data-image-id='3'\n                 title=\"????????????????????????????????????\"\n                 alt=\"2014-07-05-16.26.19\"\n                 src=\"https:\/\/xn--fewo-waldhhe-bad-harzburg-7rc.de\/wp-content\/gallery\/startseite\/2014-07-05-16.26.19.jpg\"\n                 style=\"max-height: 330px;\"\/>\n        <\/a>\n\n        <\/div> \n<div id=\"ngg-image-3\" class=\"ngg-gallery-slideshow-image\" style=\"height:350px\">\n\n        <a href=\"https:\/\/xn--fewo-waldhhe-bad-harzburg-7rc.de\/wp-content\/gallery\/startseite\/2014-07-05-16.25.41.jpg\"\n           title=\"????????????????????????????????????\"\n           data-src=\"https:\/\/xn--fewo-waldhhe-bad-harzburg-7rc.de\/wp-content\/gallery\/startseite\/2014-07-05-16.25.41.jpg\"\n           data-thumbnail=\"https:\/\/xn--fewo-waldhhe-bad-harzburg-7rc.de\/wp-content\/gallery\/startseite\/thumbs\/thumbs_2014-07-05-16.25.41.jpg\"\n           data-image-id=\"4\"\n           data-title=\"2014-07-05-16.25.41\"\n           data-description=\"????????????????????????????????????\"\n           class=\"ngg-simplelightbox\" rel=\"008538b7fe902cedd8bc6393bf2220d7\">\n\n            <img data-image-id='4'\n                 title=\"????????????????????????????????????\"\n                 alt=\"2014-07-05-16.25.41\"\n                 src=\"https:\/\/xn--fewo-waldhhe-bad-harzburg-7rc.de\/wp-content\/gallery\/startseite\/2014-07-05-16.25.41.jpg\"\n                 style=\"max-height: 330px;\"\/>\n        <\/a>\n\n        <\/div> \n<div id=\"ngg-image-4\" class=\"ngg-gallery-slideshow-image\" style=\"height:350px\">\n\n        <a href=\"https:\/\/xn--fewo-waldhhe-bad-harzburg-7rc.de\/wp-content\/gallery\/startseite\/2014-07-05-16.25.09.jpg\"\n           title=\"????????????????????????????????????\"\n           data-src=\"https:\/\/xn--fewo-waldhhe-bad-harzburg-7rc.de\/wp-content\/gallery\/startseite\/2014-07-05-16.25.09.jpg\"\n           data-thumbnail=\"https:\/\/xn--fewo-waldhhe-bad-harzburg-7rc.de\/wp-content\/gallery\/startseite\/thumbs\/thumbs_2014-07-05-16.25.09.jpg\"\n           data-image-id=\"5\"\n           data-title=\"2014-07-05-16.25.09\"\n           data-description=\"????????????????????????????????????\"\n           class=\"ngg-simplelightbox\" rel=\"008538b7fe902cedd8bc6393bf2220d7\">\n\n            <img data-image-id='5'\n                 title=\"????????????????????????????????????\"\n                 alt=\"2014-07-05-16.25.09\"\n                 src=\"https:\/\/xn--fewo-waldhhe-bad-harzburg-7rc.de\/wp-content\/gallery\/startseite\/2014-07-05-16.25.09.jpg\"\n                 style=\"max-height: 330px;\"\/>\n        <\/a>\n\n        <\/div> \n<div id=\"ngg-image-5\" class=\"ngg-gallery-slideshow-image\" style=\"height:350px\">\n\n        <a href=\"https:\/\/xn--fewo-waldhhe-bad-harzburg-7rc.de\/wp-content\/gallery\/startseite\/2014-07-05-16.24.29.jpg\"\n           title=\"????????????????????????????????????\"\n           data-src=\"https:\/\/xn--fewo-waldhhe-bad-harzburg-7rc.de\/wp-content\/gallery\/startseite\/2014-07-05-16.24.29.jpg\"\n           data-thumbnail=\"https:\/\/xn--fewo-waldhhe-bad-harzburg-7rc.de\/wp-content\/gallery\/startseite\/thumbs\/thumbs_2014-07-05-16.24.29.jpg\"\n           data-image-id=\"6\"\n           data-title=\"2014-07-05-16.24.29\"\n           data-description=\"????????????????????????????????????\"\n           class=\"ngg-simplelightbox\" rel=\"008538b7fe902cedd8bc6393bf2220d7\">\n\n            <img data-image-id='6'\n                 title=\"????????????????????????????????????\"\n                 alt=\"2014-07-05-16.24.29\"\n                 src=\"https:\/\/xn--fewo-waldhhe-bad-harzburg-7rc.de\/wp-content\/gallery\/startseite\/2014-07-05-16.24.29.jpg\"\n                 style=\"max-height: 330px;\"\/>\n        <\/a>\n\n        <\/div> \n<div id=\"ngg-image-6\" class=\"ngg-gallery-slideshow-image\" style=\"height:350px\">\n\n        <a href=\"https:\/\/xn--fewo-waldhhe-bad-harzburg-7rc.de\/wp-content\/gallery\/startseite\/2014-07-05-16.23.42.jpg\"\n           title=\"????????????????????????????????????\"\n           data-src=\"https:\/\/xn--fewo-waldhhe-bad-harzburg-7rc.de\/wp-content\/gallery\/startseite\/2014-07-05-16.23.42.jpg\"\n           data-thumbnail=\"https:\/\/xn--fewo-waldhhe-bad-harzburg-7rc.de\/wp-content\/gallery\/startseite\/thumbs\/thumbs_2014-07-05-16.23.42.jpg\"\n           data-image-id=\"7\"\n           data-title=\"2014-07-05-16.23.42\"\n           data-description=\"????????????????????????????????????\"\n           class=\"ngg-simplelightbox\" rel=\"008538b7fe902cedd8bc6393bf2220d7\">\n\n            <img data-image-id='7'\n                 title=\"????????????????????????????????????\"\n                 alt=\"2014-07-05-16.23.42\"\n                 src=\"https:\/\/xn--fewo-waldhhe-bad-harzburg-7rc.de\/wp-content\/gallery\/startseite\/2014-07-05-16.23.42.jpg\"\n                 style=\"max-height: 330px;\"\/>\n        <\/a>\n\n        <\/div> \n<div id=\"ngg-image-7\" class=\"ngg-gallery-slideshow-image\" style=\"height:350px\">\n\n        <a href=\"https:\/\/xn--fewo-waldhhe-bad-harzburg-7rc.de\/wp-content\/gallery\/startseite\/aussen.jpg\"\n           title=\"\"\n           data-src=\"https:\/\/xn--fewo-waldhhe-bad-harzburg-7rc.de\/wp-content\/gallery\/startseite\/aussen.jpg\"\n           data-thumbnail=\"https:\/\/xn--fewo-waldhhe-bad-harzburg-7rc.de\/wp-content\/gallery\/startseite\/thumbs\/thumbs_aussen.jpg\"\n           data-image-id=\"8\"\n           data-title=\"aussen\"\n           data-description=\"\"\n           class=\"ngg-simplelightbox\" rel=\"008538b7fe902cedd8bc6393bf2220d7\">\n\n            <img data-image-id='8'\n                 title=\"\"\n                 alt=\"aussen\"\n                 src=\"https:\/\/xn--fewo-waldhhe-bad-harzburg-7rc.de\/wp-content\/gallery\/startseite\/aussen.jpg\"\n                 style=\"max-height: 330px;\"\/>\n        <\/a>\n\n        <\/div> \n<div id=\"ngg-image-8\" class=\"ngg-gallery-slideshow-image\" style=\"height:350px\">\n\n        <a href=\"https:\/\/xn--fewo-waldhhe-bad-harzburg-7rc.de\/wp-content\/gallery\/startseite\/image-e1510480748209.jpeg\"\n           title=\"\"\n           data-src=\"https:\/\/xn--fewo-waldhhe-bad-harzburg-7rc.de\/wp-content\/gallery\/startseite\/image-e1510480748209.jpeg\"\n           data-thumbnail=\"https:\/\/xn--fewo-waldhhe-bad-harzburg-7rc.de\/wp-content\/gallery\/startseite\/thumbs\/thumbs_image-e1510480748209.jpeg\"\n           data-image-id=\"9\"\n           data-title=\"image-e1510480748209\"\n           data-description=\"\"\n           class=\"ngg-simplelightbox\" rel=\"008538b7fe902cedd8bc6393bf2220d7\">\n\n            <img data-image-id='9'\n                 title=\"\"\n                 alt=\"image-e1510480748209\"\n                 src=\"https:\/\/xn--fewo-waldhhe-bad-harzburg-7rc.de\/wp-content\/gallery\/startseite\/image-e1510480748209.jpeg\"\n                 style=\"max-height: 330px;\"\/>\n        <\/a>\n\n        <\/div> \n<div id=\"ngg-image-9\" class=\"ngg-gallery-slideshow-image\" style=\"height:350px\">\n\n        <a href=\"https:\/\/xn--fewo-waldhhe-bad-harzburg-7rc.de\/wp-content\/gallery\/startseite\/image-1-e1510480780203.jpeg\"\n           title=\"\"\n           data-src=\"https:\/\/xn--fewo-waldhhe-bad-harzburg-7rc.de\/wp-content\/gallery\/startseite\/image-1-e1510480780203.jpeg\"\n           data-thumbnail=\"https:\/\/xn--fewo-waldhhe-bad-harzburg-7rc.de\/wp-content\/gallery\/startseite\/thumbs\/thumbs_image-1-e1510480780203.jpeg\"\n           data-image-id=\"10\"\n           data-title=\"image-1-e1510480780203\"\n           data-description=\"\"\n           class=\"ngg-simplelightbox\" rel=\"008538b7fe902cedd8bc6393bf2220d7\">\n\n            <img data-image-id='10'\n                 title=\"\"\n                 alt=\"image-1-e1510480780203\"\n                 src=\"https:\/\/xn--fewo-waldhhe-bad-harzburg-7rc.de\/wp-content\/gallery\/startseite\/image-1-e1510480780203.jpeg\"\n                 style=\"max-height: 330px;\"\/>\n        <\/a>\n\n        <\/div> \n<div id=\"ngg-image-10\" class=\"ngg-gallery-slideshow-image\" style=\"height:350px\">\n\n        <a href=\"https:\/\/xn--fewo-waldhhe-bad-harzburg-7rc.de\/wp-content\/gallery\/startseite\/image-2.jpeg\"\n           title=\"\"\n           data-src=\"https:\/\/xn--fewo-waldhhe-bad-harzburg-7rc.de\/wp-content\/gallery\/startseite\/image-2.jpeg\"\n           data-thumbnail=\"https:\/\/xn--fewo-waldhhe-bad-harzburg-7rc.de\/wp-content\/gallery\/startseite\/thumbs\/thumbs_image-2.jpeg\"\n           data-image-id=\"11\"\n           data-title=\"image-2\"\n           data-description=\"\"\n           class=\"ngg-simplelightbox\" rel=\"008538b7fe902cedd8bc6393bf2220d7\">\n\n            <img data-image-id='11'\n                 title=\"\"\n                 alt=\"image-2\"\n                 src=\"https:\/\/xn--fewo-waldhhe-bad-harzburg-7rc.de\/wp-content\/gallery\/startseite\/image-2.jpeg\"\n                 style=\"max-height: 330px;\"\/>\n        <\/a>\n\n        <\/div> \n<div id=\"ngg-image-11\" class=\"ngg-gallery-slideshow-image\" style=\"height:350px\">\n\n        <a href=\"https:\/\/xn--fewo-waldhhe-bad-harzburg-7rc.de\/wp-content\/gallery\/startseite\/image-3.jpeg\"\n           title=\"\"\n           data-src=\"https:\/\/xn--fewo-waldhhe-bad-harzburg-7rc.de\/wp-content\/gallery\/startseite\/image-3.jpeg\"\n           data-thumbnail=\"https:\/\/xn--fewo-waldhhe-bad-harzburg-7rc.de\/wp-content\/gallery\/startseite\/thumbs\/thumbs_image-3.jpeg\"\n           data-image-id=\"12\"\n           data-title=\"image-3\"\n           data-description=\"\"\n           class=\"ngg-simplelightbox\" rel=\"008538b7fe902cedd8bc6393bf2220d7\">\n\n            <img data-image-id='12'\n                 title=\"\"\n                 alt=\"image-3\"\n                 src=\"https:\/\/xn--fewo-waldhhe-bad-harzburg-7rc.de\/wp-content\/gallery\/startseite\/image-3.jpeg\"\n                 style=\"max-height: 330px;\"\/>\n        <\/a>\n\n        <\/div> \n<div id=\"ngg-image-12\" class=\"ngg-gallery-slideshow-image\" style=\"height:350px\">\n\n        <a href=\"https:\/\/xn--fewo-waldhhe-bad-harzburg-7rc.de\/wp-content\/gallery\/startseite\/image-4.jpeg\"\n           title=\"\"\n           data-src=\"https:\/\/xn--fewo-waldhhe-bad-harzburg-7rc.de\/wp-content\/gallery\/startseite\/image-4.jpeg\"\n           data-thumbnail=\"https:\/\/xn--fewo-waldhhe-bad-harzburg-7rc.de\/wp-content\/gallery\/startseite\/thumbs\/thumbs_image-4.jpeg\"\n           data-image-id=\"13\"\n           data-title=\"image-4\"\n           data-description=\"\"\n           class=\"ngg-simplelightbox\" rel=\"008538b7fe902cedd8bc6393bf2220d7\">\n\n            <img data-image-id='13'\n                 title=\"\"\n                 alt=\"image-4\"\n                 src=\"https:\/\/xn--fewo-waldhhe-bad-harzburg-7rc.de\/wp-content\/gallery\/startseite\/image-4.jpeg\"\n                 style=\"max-height: 330px;\"\/>\n        <\/a>\n\n        <\/div> \n<div id=\"ngg-image-13\" class=\"ngg-gallery-slideshow-image\" style=\"height:350px\">\n\n        <a href=\"https:\/\/xn--fewo-waldhhe-bad-harzburg-7rc.de\/wp-content\/gallery\/startseite\/image-5-e1510481007267.jpeg\"\n           title=\"\"\n           data-src=\"https:\/\/xn--fewo-waldhhe-bad-harzburg-7rc.de\/wp-content\/gallery\/startseite\/image-5-e1510481007267.jpeg\"\n           data-thumbnail=\"https:\/\/xn--fewo-waldhhe-bad-harzburg-7rc.de\/wp-content\/gallery\/startseite\/thumbs\/thumbs_image-5-e1510481007267.jpeg\"\n           data-image-id=\"14\"\n           data-title=\"image-5-e1510481007267\"\n           data-description=\"\"\n           class=\"ngg-simplelightbox\" rel=\"008538b7fe902cedd8bc6393bf2220d7\">\n\n            <img data-image-id='14'\n                 title=\"\"\n                 alt=\"image-5-e1510481007267\"\n                 src=\"https:\/\/xn--fewo-waldhhe-bad-harzburg-7rc.de\/wp-content\/gallery\/startseite\/image-5-e1510481007267.jpeg\"\n                 style=\"max-height: 330px;\"\/>\n        <\/a>\n\n        <\/div> \n<\/div>\n\n\n\n\r\n<p>Die modern und liebevoll eingerichtete Ferienwohnung in Bad Harzburg befindet sich direkt am Tor zum Nationalpark Harz, in einer sehr ruhigen Stra\u00dfe.<\/p>\r\n<p>Ladestation f\u00fcr Elektroautos auf dem Grundst\u00fcck. Stromkosten daf\u00fcr werden nach Verbrauch abgerechnet.<\/p>\r\n<p>Die gem\u00fctliche Nichtraucher-Wohnung ist ca. 55 qm gro\u00df und bietet ausreichend Platz f\u00fcr 2\u20143 Personen. Sie besteht aus Wohnzimmer (mit Schlafsofa f\u00fcr eine 3. Person), Schlafzimmer , K\u00fcche mit Essbereich, Bad\/Dusche\/WC, Flur. Im Wohnzimmer sorgt ein Klimager\u00e4t auch im Hochsommer f\u00fcr angenehme Raumtemperatur.<\/p>\r\n<p>WLAN verf\u00fcgbar.<\/p>\r\n<p>Die Waldrandlage bietet ab dem ersten Augenblick Urlaub pur. Viele Wanderziele k\u00f6nnen direkt von der Haust\u00fcr aus erreicht werden, wie Rabenklippen, Kreuz des Deutschen Ostens, Ilsenburg, Burgberg, Molkenhaus und vieles mehr.<\/p>","protected":false},"excerpt":{"rendered":"<p>Ladestation f\u00fcr E-Auto Die modern und liebevoll eingerichtete Ferienwohnung in Bad Harzburg befindet sich direkt am Tor zum Nationalpark Harz, in einer sehr ruhigen Stra\u00dfe. Ladestation f\u00fcr Elektroautos auf dem Grundst\u00fcck. Stromkosten daf\u00fcr werden nach Verbrauch abgerechnet. Die gem\u00fctliche Nichtraucher-Wohnung ist ca. 55 qm gro\u00df und bietet ausreichend Platz f\u00fcr 2\u20143 Personen. Sie besteht aus [&hellip;]<\/p>\n","protected":false},"author":1,"featured_media":0,"parent":0,"menu_order":0,"comment_status":"closed","ping_status":"closed","template":"","meta":{"ngg_post_thumbnail":0,"footnotes":""},"_links":{"self":[{"href":"https:\/\/xn--fewo-waldhhe-bad-harzburg-7rc.de\/index.php?rest_route=\/wp\/v2\/pages\/2"}],"collection":[{"href":"https:\/\/xn--fewo-waldhhe-bad-harzburg-7rc.de\/index.php?rest_route=\/wp\/v2\/pages"}],"about":[{"href":"https:\/\/xn--fewo-waldhhe-bad-harzburg-7rc.de\/index.php?rest_route=\/wp\/v2\/types\/page"}],"author":[{"embeddable":true,"href":"https:\/\/xn--fewo-waldhhe-bad-harzburg-7rc.de\/index.php?rest_route=\/wp\/v2\/users\/1"}],"replies":[{"embeddable":true,"href":"https:\/\/xn--fewo-waldhhe-bad-harzburg-7rc.de\/index.php?rest_route=%2Fwp%2Fv2%2Fcomments&post=2"}],"version-history":[{"count":14,"href":"https:\/\/xn--fewo-waldhhe-bad-harzburg-7rc.de\/index.php?rest_route=\/wp\/v2\/pages\/2\/revisions"}],"predecessor-version":[{"id":384,"href":"https:\/\/xn--fewo-waldhhe-bad-harzburg-7rc.de\/index.php?rest_route=\/wp\/v2\/pages\/2\/revisions\/384"}],"wp:attachment":[{"href":"https:\/\/xn--fewo-waldhhe-bad-harzburg-7rc.de\/index.php?rest_route=%2Fwp%2Fv2%2Fmedia&parent=2"}],"curies":[{"name":"wp","href":"https:\/\/api.w.org\/{rel}","templated":true}]}}